{"id":7,"date":"2026-05-14T18:26:02","date_gmt":"2026-05-14T18:26:02","guid":{"rendered":"https:\/\/hidraulicaalianca.panoram.com.br\/?page_id=7"},"modified":"2026-05-14T16:10:15","modified_gmt":"2026-05-14T19:10:15","slug":"elementor-7","status":"publish","type":"page","link":"https:\/\/hidraulicaalianca.panoram.com.br\/","title":{"rendered":"Hidr\u00e1ulica Alian\u00e7a Goi\u00e2nia"},"content":{"rendered":"\t\t<div data-elementor-type=\"wp-post\" data-elementor-id=\"7\" class=\"elementor elementor-7\">\n\t\t\t\t<div class=\"elementor-element elementor-element-955d8c7 e-flex e-con-boxed e-con e-parent\" data-id=\"955d8c7\" data-element_type=\"container\" data-e-type=\"container\" data-settings=\"{&quot;background_background&quot;:&quot;classic&quot;}\">\n\t\t\t\t\t<div class=\"e-con-inner\">\n\t\t<div class=\"elementor-element elementor-element-6fdda1e e-con-full e-flex e-con e-child\" data-id=\"6fdda1e\" data-element_type=\"container\" data-e-type=\"container\">\n\t\t\t\t<div class=\"elementor-element elementor-element-4f876b2 elementor-widget elementor-widget-image-box\" data-id=\"4f876b2\" data-element_type=\"widget\" data-e-type=\"widget\" data-widget_type=\"image-box.default\">\n\t\t\t\t\t<div class=\"elementor-image-box-wrapper\"><div class=\"elementor-image-box-content\"><h3 class=\"elementor-image-box-title\">Especialistas em troca de fluido de transmiss\u00e3o, \u00f3leo de c\u00e2mbio e manuten\u00e7\u00e3o geral.<\/h3><p class=\"elementor-image-box-description\">Trabalhamos com revis\u00e3o completa de ve\u00edculos importados e nacionais, garantindo qualidade, seguran\u00e7a e desempenho para o seu carro.<br><br>\n<b style=\"font-weight: 600\">Aperte no bot\u00e3o abaixo e entre em contato conosco.<\/b><\/p><\/div><\/div>\t\t\t\t<\/div>\n\t\t\t\t<div class=\"elementor-element elementor-element-afea467 elementor-widget elementor-widget-button\" data-id=\"afea467\" data-element_type=\"widget\" data-e-type=\"widget\" data-widget_type=\"button.default\">\n\t\t\t\t\t\t\t\t\t\t<a class=\"elementor-button elementor-button-link elementor-size-sm elementor-animation-grow\" href=\"https:\/\/wa.me\/5562981950160?text=Ol\u00e1!%20Eu%20vim%20do%20site%20e%20gostaria%20de%20falar%20com%20um%20atendente.\">\n\t\t\t\t\t\t<span class=\"elementor-button-content-wrapper\">\n\t\t\t\t\t\t<span class=\"elementor-button-icon\">\n\t\t\t\t<svg aria-hidden=\"true\" class=\"e-font-icon-svg e-fab-whatsapp\" viewBox=\"0 0 448 512\" xmlns=\"http:\/\/www.w3.org\/2000\/svg\"><path d=\"M380.9 97.1C339 55.1 283.2 32 223.9 32c-122.4 0-222 99.6-222 222 0 39.1 10.2 77.3 29.6 111L0 480l117.7-30.9c32.4 17.7 68.9 27 106.1 27h.1c122.3 0 224.1-99.6 224.1-222 0-59.3-25.2-115-67.1-157zm-157 341.6c-33.2 0-65.7-8.9-94-25.7l-6.7-4-69.8 18.3L72 359.2l-4.4-7c-18.5-29.4-28.2-63.3-28.2-98.2 0-101.7 82.8-184.5 184.6-184.5 49.3 0 95.6 19.2 130.4 54.1 34.8 34.9 56.2 81.2 56.1 130.5 0 101.8-84.9 184.6-186.6 184.6zm101.2-138.2c-5.5-2.8-32.8-16.2-37.9-18-5.1-1.9-8.8-2.8-12.5 2.8-3.7 5.6-14.3 18-17.6 21.8-3.2 3.7-6.5 4.2-12 1.4-32.6-16.3-54-29.1-75.5-66-5.7-9.8 5.7-9.1 16.3-30.3 1.8-3.7.9-6.9-.5-9.7-1.4-2.8-12.5-30.1-17.1-41.2-4.5-10.8-9.1-9.3-12.5-9.5-3.2-.2-6.9-.2-10.6-.2-3.7 0-9.7 1.4-14.8 6.9-5.1 5.6-19.4 19-19.4 46.3 0 27.3 19.9 53.7 22.6 57.4 2.8 3.7 39.1 59.7 94.8 83.8 35.2 15.2 49 16.5 66.6 13.9 10.7-1.6 32.8-13.4 37.4-26.4 4.6-13 4.6-24.1 3.2-26.4-1.3-2.5-5-3.9-10.5-6.6z\"><\/path><\/svg>\t\t\t<\/span>\n\t\t\t\t\t\t\t\t\t<span class=\"elementor-button-text\">Fale Conosco<\/span>\n\t\t\t\t\t<\/span>\n\t\t\t\t\t<\/a>\n\t\t\t\t\t\t\t\t<\/div>\n\t\t\t\t<\/div>\n\t\t<div class=\"elementor-element elementor-element-bb5c1b2 e-con-full e-flex e-con e-child\" data-id=\"bb5c1b2\" data-element_type=\"container\" data-e-type=\"container\">\n\t\t\t\t<div class=\"elementor-element elementor-element-908b499 elementor-widget elementor-widget-image\" data-id=\"908b499\" data-element_type=\"widget\" data-e-type=\"widget\" data-widget_type=\"image.default\">\n\t\t\t\t\t\t\t\t\t\t\t\t\t\t\t<img fetchpriority=\"high\" decoding=\"async\" width=\"800\" height=\"742\" src=\"https:\/\/hidraulicaalianca.panoram.com.br\/wp-content\/uploads\/2026\/05\/carro-img-banner.png.webp\" class=\"attachment-large size-large wp-image-9\" alt=\"\" srcset=\"https:\/\/hidraulicaalianca.panoram.com.br\/wp-content\/uploads\/2026\/05\/carro-img-banner.png.webp 949w, https:\/\/hidraulicaalianca.panoram.com.br\/wp-content\/uploads\/2026\/05\/carro-img-banner.png-300x278.webp 300w, https:\/\/hidraulicaalianca.panoram.com.br\/wp-content\/uploads\/2026\/05\/carro-img-banner.png-768x712.webp 768w\" sizes=\"(max-width: 800px) 100vw, 800px\" \/>\t\t\t\t\t\t\t\t\t\t\t\t\t\t\t<\/div>\n\t\t\t\t<\/div>\n\t\t\t\t\t<\/div>\n\t\t\t\t<\/div>\n\t\t\t\t<\/div>\n\t\t","protected":false},"excerpt":{"rendered":"<p>Especialistas em troca de fluido de transmiss\u00e3o, \u00f3leo de c\u00e2mbio e manuten\u00e7\u00e3o geral. Trabalhamos com revis\u00e3o completa de ve\u00edculos importados e nacionais, garantindo qualidade, seguran\u00e7a e desempenho para o seu carro. Aperte no bot\u00e3o abaixo e entre em contato conosco. Fale Conosco<\/p>\n","protected":false},"author":1,"featured_media":0,"parent":0,"menu_order":0,"comment_status":"closed","ping_status":"closed","template":"elementor_canvas","meta":{"footnotes":""},"class_list":["post-7","page","type-page","status-publish","hentry"],"_links":{"self":[{"href":"https:\/\/hidraulicaalianca.panoram.com.br\/index.php\/wp-json\/wp\/v2\/pages\/7","targetHints":{"allow":["GET"]}}],"collection":[{"href":"https:\/\/hidraulicaalianca.panoram.com.br\/index.php\/wp-json\/wp\/v2\/pages"}],"about":[{"href":"https:\/\/hidraulicaalianca.panoram.com.br\/index.php\/wp-json\/wp\/v2\/types\/page"}],"author":[{"embeddable":true,"href":"https:\/\/hidraulicaalianca.panoram.com.br\/index.php\/wp-json\/wp\/v2\/users\/1"}],"replies":[{"embeddable":true,"href":"https:\/\/hidraulicaalianca.panoram.com.br\/index.php\/wp-json\/wp\/v2\/comments?post=7"}],"version-history":[{"count":31,"href":"https:\/\/hidraulicaalianca.panoram.com.br\/index.php\/wp-json\/wp\/v2\/pages\/7\/revisions"}],"predecessor-version":[{"id":28,"href":"https:\/\/hidraulicaalianca.panoram.com.br\/index.php\/wp-json\/wp\/v2\/pages\/7\/revisions\/28"}],"wp:attachment":[{"href":"https:\/\/hidraulicaalianca.panoram.com.br\/index.php\/wp-json\/wp\/v2\/media?parent=7"}],"curies":[{"name":"wp","href":"https:\/\/api.w.org\/{rel}","templated":true}]}}